{"id":13,"date":"2019-11-13T16:40:33","date_gmt":"2019-11-13T16:40:33","guid":{"rendered":"http:\/\/drdannbeck.de\/?page_id=13"},"modified":"2019-11-22T16:16:13","modified_gmt":"2019-11-22T16:16:13","slug":"medizin","status":"publish","type":"page","link":"https:\/\/drdannbeck.de\/?page_id=13","title":{"rendered":"Behandlungen"},"content":{"rendered":"\n<h2 class=\"wp-block-heading\"><strong>Grunds\u00e4tzliches<\/strong><\/h2>\n\n\n\n<p>Es muss gelingen, Sie so <strong>gut zu informieren<\/strong>, dass Sie kompetent mit entscheiden, was unternommen wird zur Behandlung Ihrer Beschwerden.<\/p>\n\n\n\n<p><strong>Psyche oder Soma?<\/strong><\/p>\n\n\n\n<p>Die Antwort ist <strong>JA!<\/strong> Jede Erkrankung oder deren Auswirkung auf das Leben ist eine Mischung aus beidem. Das Thema ist schwierig und sicher erst im Verlauf einer l\u00e4ngeren Behandlung erfolgreich anzufassen.&nbsp;<\/p>\n\n\n\n<p><strong>Individuelle realistische Therapieziele<\/strong><\/p>\n\n\n\n<p>Therapieziele k\u00f6nnen individuell sehr verschieden sein. Jedenfalls muss ich mich mit Ihnen auf realistische Therapieziele <strong>verst\u00e4ndigen<\/strong>. Wir m\u00fcssen auch den Zeitrahmen f\u00fcr Ihre Behandlung gemeinsam erarbeiten.<\/p>\n\n\n\n<p><strong>Schulmedizin oder Chinesische Medizin?<\/strong><\/p>\n\n\n\n<p>Die Schulmedizin kann gravierende St\u00f6rungen sehr gut ausschlie\u00dfen oder nachweisen. Bei funktionellen St\u00f6rungen wird es da schon schwieriger. Die chinesische Medizin hingegen ist auf das gezielte Abfragen von Symptomen angewiesen. Gut abgestimmt haben beide Medizinsysteme einen gro\u00dfen Stellenwert. Auch Osteopathie, Naturheilkunde und Hom\u00f6opathie sind hier noch zu nennen.<\/p>\n\n\n\n<h2 class=\"wp-block-heading\"><strong>Diagnostik<\/strong><\/h2>\n\n\n\n<p><strong>Beschwerdeschilderung<\/strong><\/p>\n\n\n\n<p>Unverzichtbar &#8211; Sie erz\u00e4hlen\nmir, was sie sp\u00fcren. Ich h\u00f6re Ihnen zu.<\/p>\n\n\n\n<p><strong>Untersuchung<\/strong><\/p>\n\n\n\n<p>An der sogenannten klinischen Untersuchung haben Sie gro\u00dfen Anteil denn nur Sie k\u00f6nnen die schmerzenden Stellen ganz konkret zeigen und schmerzende Bewegungen vormachen. An der Wirbels\u00e4ule muss ich zum Beispiel Verh\u00e4rtungen in der Muskulatur und das feine Gelenkspiel der kleinen Wirbelgelenke ersp\u00fcren. Eine gute k\u00f6rperliche Untersuchung <strong>ergibt eine konkrete Verdachtsdiagnose<\/strong> &#8211; technische Untersuchungen erg\u00e4nzen und ggf. quantifizieren die Ver\u00e4nderungen. <\/p>\n\n\n\n<p><strong>Sonographie (Ultraschall)<\/strong><\/p>\n\n\n\n<p>Mit dem Ultraschallger\u00e4t gelingt es sehr gut, B\u00e4nder, Gelenkerg\u00fcsse\noder sogar Schwellungen der Gelenkinnenhaut genau darzustellen. Und ich kann\nw\u00e4hrend der Ultraschalluntersuchung die fraglichen Stellen genau betasten und\ndamit den Druckschmerz genauer zuordnen. <\/p>\n\n\n\n<p><strong>R\u00f6ntgen, MRT &#8230;<\/strong><\/p>\n\n\n\n<p>&#8230; haben zusammen mit der klinischen Untersuchung eine zuverl\u00e4ssige Aussagekraft. Es braucht eine gute Besprechung und Bewertung der Bilder mit Ihnen.<\/p>\n\n\n\n<h2 class=\"wp-block-heading\"><strong>Behandlungen<\/strong><\/h2>\n\n\n\n<p><strong>\u00c4rztliche Therapie, Psychotherapie<\/strong><\/p>\n\n\n\n<p>Ich bin sicher nicht der temperamentvolle operative sondern eher\nder geduldige konservative Arzt. Nat\u00fcrlich je nach Absprache mit Ihnen. Ich\nerkl\u00e4re Ihnen die Zusammenh\u00e4nge und kann durch Ihre konsequente Miteinbeziehung\nwirksam arbeiten.<\/p>\n\n\n\n<p>Psychotherapeutische Verfahren sind nicht ohne weiteres verf\u00fcgbar und auch irgendwie unpopul\u00e4r. Gleichwohl kann Psychotherapie besonders bei chronischen Erkrankungen eine gro\u00dfe Rolle spielen. Ich interessiere mich f\u00fcr <strong>psychotherapeutische Kurzinterventionen<\/strong> und werde sie bei Bedarf meinen Patienten anbieten. <\/p>\n\n\n\n<p><strong>Kortisonspritzen ? Medikamente ?<\/strong><\/p>\n\n\n\n<p>Es gibt Situationen, in denen kortisonhaltige Spritzen erforderlich sind. Und wenn starke Schmerzen der weiteren Therapie im Weg sind, m\u00fcssen Sie Schmerztabletten nehmen. Ein stark schmerzender Muskel wird viel schneller gesund werden, wenn er sich mit weniger Schmerzen besser entspannen kann.<br>Spritzen werden sehr h\u00e4ufig per Ultraschall gesteuert genauer platziert.<\/p>\n\n\n\n<p><strong>Manuelle Therapie \/ Chirotherapie<\/strong><\/p>\n\n\n\n<p>Mit den Methoden der Manuellen Therapie kann ich Blockierungen\noder Lockerungen erkennen, einordnen und dann therapeutisch beeinflussen. <\/p>\n\n\n\n<p><strong>Proliferations-Therapie<\/strong><\/p>\n\n\n\n<p>Wenn Wirbel oder Gelenke zu locker miteinander verbunden sind, kann eine gut trainierte Muskulatur dieses Problem ausgleichen. Das gelingt aber nicht in monotonen Haltungen oder bei ruckartigen Bewegungen. Ich kann mit Spritzen einzelne B\u00e4nder oder Gelenke fester und stabiler machen. Hierzu spritze ich konzentrierte <strong>Traubenzucker-L\u00f6sung<\/strong> direkt an Ihre B\u00e4nder, was dort einen Entz\u00fcndungsreiz ausl\u00f6st und zu Regenerationsvorg\u00e4ngen mit nachfolgender Verfestigung des Bandes f\u00fchrt.  <a href=\"http:\/\/proliferationstherapie.info\">Weiterlesen &#8230;<\/a><\/p>\n\n\n\n<p><strong>Knorpelverbessernde Spritzen<\/strong><\/p>\n\n\n\n<p>Verschlissene Gelenke profitieren von <strong>Hyalurons\u00e4ure<\/strong>, die dem Gelenk per Spritze zugef\u00fchrt wird. Nach 3 oder 5 solchen Injektionen kann ein verschlissenes Knie monate- bis jahrelang besser sein. Das Verfahren ist hundertfach bew\u00e4hrt bei Kniegelenken, verschlissene Sprunggelenke profitieren ebenso. Bei H\u00fcftgelenken und Daumensattelgelenken sind Erfolge ebenso denkbar. Die Risiken und Nebenwirkungen dieser Therapie werden vor der ersten Spritze besprochen. <\/p>\n\n\n\n<p><strong>Akupunktur, Chinesische Medizin<\/strong><\/p>\n\n\n\n<p>Orthop\u00e4dische Erkrankungen sind mit Akupunktur sehr gut\nbehandelbar. Beispiele:<\/p>\n\n\n\n<ul class=\"wp-block-list\"><li>Chronische Kreuzschmerzen<\/li><li>Nackenschmerzen mit Ausstrahlung<\/li><li>chronische oder ganz akute Schulterschmerzen<\/li><li>Kniearthrose-Schmerzen<\/li><\/ul>\n\n\n\n<p>Weitere beispielhafte Erkrankungen:<\/p>\n\n\n\n<ul class=\"wp-block-list\"><li>Spannungskopfschmerz <\/li><li>Migr\u00e4ne<\/li><li>Heuschnupfen: akut symptomatisch wirksam und in der Folge-Saison\ngelindert.<\/li><li>Periphere Polyneuropathie an H\u00e4nden oder F\u00fcssen<\/li><\/ul>\n","protected":false},"excerpt":{"rendered":"<p>Grunds\u00e4tzliches Es muss gelingen, Sie so gut zu informieren, dass Sie kompetent mit entscheiden, was unternommen wird zur Behandlung Ihrer Beschwerden. Psyche oder Soma? Die Antwort ist JA! Jede Erkrankung oder deren Auswirkung auf das Leben ist eine Mischung aus beidem. Das Thema ist schwierig und sicher erst im Verlauf einer l\u00e4ngeren Behandlung erfolgreich anzufassen.&nbsp; &hellip; <\/p>\n<p class=\"link-more\"><a href=\"https:\/\/drdannbeck.de\/?page_id=13\" class=\"more-link\"><span class=\"screen-reader-text\">\u201eBehandlungen\u201c<\/span> weiterlesen<\/a><\/p>\n","protected":false},"author":1,"featured_media":0,"parent":0,"menu_order":0,"comment_status":"closed","ping_status":"closed","template":"","meta":{"footnotes":""},"class_list":["post-13","page","type-page","status-publish","hentry"],"_links":{"self":[{"href":"https:\/\/drdannbeck.de\/index.php?rest_route=\/wp\/v2\/pages\/13","targetHints":{"allow":["GET"]}}],"collection":[{"href":"https:\/\/drdannbeck.de\/index.php?rest_route=\/wp\/v2\/pages"}],"about":[{"href":"https:\/\/drdannbeck.de\/index.php?rest_route=\/wp\/v2\/types\/page"}],"author":[{"embeddable":true,"href":"https:\/\/drdannbeck.de\/index.php?rest_route=\/wp\/v2\/users\/1"}],"replies":[{"embeddable":true,"href":"https:\/\/drdannbeck.de\/index.php?rest_route=%2Fwp%2Fv2%2Fcomments&post=13"}],"version-history":[{"count":9,"href":"https:\/\/drdannbeck.de\/index.php?rest_route=\/wp\/v2\/pages\/13\/revisions"}],"predecessor-version":[{"id":140,"href":"https:\/\/drdannbeck.de\/index.php?rest_route=\/wp\/v2\/pages\/13\/revisions\/140"}],"wp:attachment":[{"href":"https:\/\/drdannbeck.de\/index.php?rest_route=%2Fwp%2Fv2%2Fmedia&parent=13"}],"curies":[{"name":"wp","href":"https:\/\/api.w.org\/{rel}","templated":true}]}}