{"id":12,"date":"2019-11-13T16:40:33","date_gmt":"2019-11-13T16:40:33","guid":{"rendered":"http:\/\/drdannbeck.de\/?page_id=12"},"modified":"2025-07-16T05:40:37","modified_gmt":"2025-07-16T05:40:37","slug":"nur-privat","status":"publish","type":"page","link":"https:\/\/drdannbeck.de\/?page_id=12","title":{"rendered":"Privatpraxis"},"content":{"rendered":"\n<h3 class=\"wp-block-heading\"><strong>Warum habe ich keine Vertragsarztzulassung ?<\/strong><\/h3>\n\n\n\n<p>Ich war von 1998 bis 2003 Vertragsarzt aller Kassen.  Die gesetzlichen Krankenversicherungen haben allerdings zahlreiche Kontrollmechanismen und Reglementierungen zu Behandlungen und Verordnungen etabliert und immer wieder ver\u00e4ndert worden. Es gibt viele, mir unverst\u00e4ndliche Regelungen, die die Therapie beeinflussen.  In diesem gesetzlichen System kann ich mich nicht wohlf\u00fchlen.  <\/p>\n\n\n\n<h3 class=\"wp-block-heading\"><strong>Was bedeutet eigentlich \u201enur privat ?\u201c<\/strong><\/h3>\n\n\n\n<p>Jeder Patient kann in meine Behandlung kommen. <\/p>\n\n\n\n<p>Weil\nich keine Vertr\u00e4ge mit den gesetzlichen Krankenkassen geschlossen habe, ist\neine Abrechnung \u00fcber die sog. Chipkarte nicht m\u00f6glich. Ebenso m\u00fcssen \/ k\u00f6nnen\ndie gesetzlichen Krankenkassen meine Verordnungen, \u00dcberweisungen oder Atteste\nnicht anerkennen.<\/p>\n\n\n\n<h3 class=\"wp-block-heading\"><strong>Wie wird das umgesetzt ?<\/strong><\/h3>\n\n\n\n<p><strong>Jeder Patient kann kommen &#8211; ich werde\nniemals einen Patienten mit Schmerzen, Problemen oder Fragen an mich einfach\nwegschicken. Besprechen k\u00f6nnen wir uns auf jeden Fall.<\/strong><\/p>\n\n\n\n<p>Alle Patienten bekommen eine Rechnung nach der amtlichen Geb\u00fchrenordnung (GO\u00c4). Privat versicherte Patienten k\u00f6nnen diese bei Ihrer Versicherung einreichen und entsprechend erstattet bekommen.<\/p>\n\n\n\n<p>Gegebenenfalls kann man \u00fcber die <strong>private Familien-Krankenversicherung <\/strong>des Hauptverdieners eine Kostenerstattung beantragen. Es gibt auch <strong>private Zusatzversicherungen <\/strong>f\u00fcr den ambulanten Bereich, die die Behandlungskosten \u00fcbernehmen.<\/p>\n\n\n\n<h3 class=\"wp-block-heading\"><strong>Was kostet das den gesetzlich versicherten Selbstzahler?<\/strong><\/h3>\n\n\n\n<p>Beratung und Untersuchung bei einer orthop\u00e4dischen Erkrankung werden bei normalem Schwierigkeitsgrad etwa 50 bis 100 Euro kosten. Material und Medikamente werden zum Selbstkostenpreis zus\u00e4tzlich berechnet (GO\u00c4).<\/p>\n\n\n\n<p>Eine Serie von 3 Knorpelspritzen ins Knie kostet etwa 120 Euro.<\/p>\n\n\n\n<p>6 Akupunkturbehandlungen kosten etwa 180 Euro.<\/p>\n","protected":false},"excerpt":{"rendered":"<p>Warum habe ich keine Vertragsarztzulassung ? Ich war von 1998 bis 2003 Vertragsarzt aller Kassen. Die gesetzlichen Krankenversicherungen haben allerdings zahlreiche Kontrollmechanismen und Reglementierungen zu Behandlungen und Verordnungen etabliert und immer wieder ver\u00e4ndert worden. Es gibt viele, mir unverst\u00e4ndliche Regelungen, die die Therapie beeinflussen. In diesem gesetzlichen System kann ich mich nicht wohlf\u00fchlen. Was bedeutet &hellip; <\/p>\n<p class=\"link-more\"><a href=\"https:\/\/drdannbeck.de\/?page_id=12\" class=\"more-link\"><span class=\"screen-reader-text\">\u201ePrivatpraxis\u201c<\/span> weiterlesen<\/a><\/p>\n","protected":false},"author":1,"featured_media":0,"parent":0,"menu_order":0,"comment_status":"closed","ping_status":"closed","template":"","meta":{"footnotes":""},"class_list":["post-12","page","type-page","status-publish","hentry"],"_links":{"self":[{"href":"https:\/\/drdannbeck.de\/index.php?rest_route=\/wp\/v2\/pages\/12","targetHints":{"allow":["GET"]}}],"collection":[{"href":"https:\/\/drdannbeck.de\/index.php?rest_route=\/wp\/v2\/pages"}],"about":[{"href":"https:\/\/drdannbeck.de\/index.php?rest_route=\/wp\/v2\/types\/page"}],"author":[{"embeddable":true,"href":"https:\/\/drdannbeck.de\/index.php?rest_route=\/wp\/v2\/users\/1"}],"replies":[{"embeddable":true,"href":"https:\/\/drdannbeck.de\/index.php?rest_route=%2Fwp%2Fv2%2Fcomments&post=12"}],"version-history":[{"count":10,"href":"https:\/\/drdannbeck.de\/index.php?rest_route=\/wp\/v2\/pages\/12\/revisions"}],"predecessor-version":[{"id":163,"href":"https:\/\/drdannbeck.de\/index.php?rest_route=\/wp\/v2\/pages\/12\/revisions\/163"}],"wp:attachment":[{"href":"https:\/\/drdannbeck.de\/index.php?rest_route=%2Fwp%2Fv2%2Fmedia&parent=12"}],"curies":[{"name":"wp","href":"https:\/\/api.w.org\/{rel}","templated":true}]}}